{"id":3299,"date":"2023-08-25T13:24:05","date_gmt":"2023-08-25T18:24:05","guid":{"rendered":"https:\/\/blueviolet-alpaca-737258.hostingersite.com\/prensa\/"},"modified":"2026-02-25T17:46:19","modified_gmt":"2026-02-25T22:46:19","slug":"prensa","status":"publish","type":"page","link":"https:\/\/www.niabakery.com\/es\/prensa\/","title":{"rendered":"Sala de Prensa"},"content":{"rendered":"\t\t<div data-elementor-type=\"wp-page\" data-elementor-id=\"3299\" class=\"elementor elementor-3299 elementor-2600\" data-elementor-post-type=\"page\">\n\t\t\t\t\t\t<section class=\"elementor-section elementor-top-section elementor-element elementor-element-8cba1f8 elementor-section-height-min-height pt-section-content-fullwidth pt-parallax-on-scroll pt_scroll_y_80 elementor-section-boxed elementor-section-height-default elementor-section-items-middle\" data-id=\"8cba1f8\" data-element_type=\"section\" data-e-type=\"section\" data-settings=\"{&quot;background_background&quot;:&quot;classic&quot;}\" data-pt-parallax-y=\"80\" style=\"background-image: none;\" data-pt-background-image=\"https:\/\/www.niabakery.com\/wp-content\/uploads\/2026\/02\/lounge-nia.webp\">\n\t\t\t\t\t\t\t<div class=\"elementor-background-overlay\"><\/div>\n\t\t\t\t\t\t\t<div class=\"elementor-container elementor-column-gap-no\">\n\t\t\t\t\t<div class=\"elementor-column elementor-col-100 elementor-top-column elementor-element elementor-element-3377bb1 dark-color\" data-id=\"3377bb1\" data-element_type=\"column\" data-e-type=\"column\">\n\t\t\t<div class=\"elementor-widget-wrap elementor-element-populated\">\n\t\t\t\t\t\t<div class=\"elementor-element elementor-element-3fa7c19 elementor-widget elementor-widget-pt_title\" data-id=\"3fa7c19\" data-element_type=\"widget\" data-e-type=\"widget\" data-widget_type=\"pt_title.default\">\n\t\t\t\t<div class=\"elementor-widget-container\">\n\t\t\t\t\t\n        <div class=\"pt-title-wrap text-center\">\t            <h1 class=\"pt-title\">\n\t                Prensa\t            <\/h1>        <\/div>\t\t\t\t<\/div>\n\t\t\t\t<\/div>\n\t\t\t\t\t<\/div>\n\t\t<\/div>\n\t\t\t\t\t<\/div>\n\t\t<\/section>\n\t\t\t\t<section class=\"elementor-section elementor-top-section elementor-element elementor-element-dc23e33 elementor-section-boxed elementor-section-height-default elementor-section-height-default\" data-id=\"dc23e33\" data-element_type=\"section\" data-e-type=\"section\">\n\t\t\t\t\t\t<div class=\"elementor-container elementor-column-gap-no\">\n\t\t\t\t\t<div class=\"elementor-column elementor-col-100 elementor-top-column elementor-element elementor-element-2ecd80b\" data-id=\"2ecd80b\" data-element_type=\"column\" data-e-type=\"column\">\n\t\t\t<div class=\"elementor-widget-wrap elementor-element-populated\">\n\t\t\t\t\t\t<div class=\"elementor-element elementor-element-cca5371 elementor-widget elementor-widget-pt_blog\" data-id=\"cca5371\" data-element_type=\"widget\" data-e-type=\"widget\" data-widget_type=\"pt_blog.default\">\n\t\t\t\t<div class=\"elementor-widget-container\">\n\t\t\t\t\t\t\t\t\t<div class=\"posts layout-overlay column-3 layout-grid img-ratio-4-3\" data-settings='{\"query\":{\"paged\":1,\"posts_per_page\":\"10\",\"ignore_sticky_posts\":true},\"settings\":{\"layout\":\"overlay\",\"columns\":\"3\",\"post_meta\":[\"category\",\"date\"],\"page_layout\":\"\",\"pagination\":\"\",\"archive_page\":\"elementor\"}}'>\n\t\t\t\t\t\t\t\t\t<div class=\"posts-wrapper\">\n<article class=\"post-4375 post type-post status-publish format-standard has-post-thumbnail hentry category-noticias\">    <div class=\"featured-img\">            <a href=\"https:\/\/www.niabakery.com\/es\/noticias\/we-heart-nia-bakery-cartagena-diseno-crearq\/\"><img fetchpriority=\"high\" decoding=\"async\" width=\"780\" height=\"439\" src=\"https:\/\/www.niabakery.com\/wp-content\/uploads\/2026\/03\/nia-bakery-zona-lounge-sofa-cartagena-780x439.avif\" class=\"attachment-patiotime_780x9999 size-patiotime_780x9999 not-transparent wp-post-image image-layout-overlay-column-3\" alt=\"N\u00eda Bakery lounge area in the Historic Center of Cartagena de Indias\" srcset=\"https:\/\/www.niabakery.com\/wp-content\/uploads\/2026\/03\/nia-bakery-zona-lounge-sofa-cartagena-780x439.avif 780w, https:\/\/www.niabakery.com\/wp-content\/uploads\/2026\/03\/nia-bakery-zona-lounge-sofa-cartagena-300x169.avif 300w, https:\/\/www.niabakery.com\/wp-content\/uploads\/2026\/03\/nia-bakery-zona-lounge-sofa-cartagena-1024x576.avif 1024w, https:\/\/www.niabakery.com\/wp-content\/uploads\/2026\/03\/nia-bakery-zona-lounge-sofa-cartagena-768x432.avif 768w, https:\/\/www.niabakery.com\/wp-content\/uploads\/2026\/03\/nia-bakery-zona-lounge-sofa-cartagena-1536x864.avif 1536w, https:\/\/www.niabakery.com\/wp-content\/uploads\/2026\/03\/nia-bakery-zona-lounge-sofa-cartagena-1440x810.avif 1440w, https:\/\/www.niabakery.com\/wp-content\/uploads\/2026\/03\/nia-bakery-zona-lounge-sofa-cartagena-1200x675.avif 1200w, https:\/\/www.niabakery.com\/wp-content\/uploads\/2026\/03\/nia-bakery-zona-lounge-sofa-cartagena-600x338.avif 600w, https:\/\/www.niabakery.com\/wp-content\/uploads\/2026\/03\/nia-bakery-zona-lounge-sofa-cartagena-550x309.avif 550w, https:\/\/www.niabakery.com\/wp-content\/uploads\/2026\/03\/nia-bakery-zona-lounge-sofa-cartagena-370x208.avif 370w, https:\/\/www.niabakery.com\/wp-content\/uploads\/2026\/03\/nia-bakery-zona-lounge-sofa-cartagena-255x143.avif 255w, https:\/\/www.niabakery.com\/wp-content\/uploads\/2026\/03\/nia-bakery-zona-lounge-sofa-cartagena.avif 1920w\" sizes=\"(max-width: 780px) 100vw, 780px\" data-has-transparency=\"false\" data-dominant-color=\"7d3c25\" style=\"--dominant-color: #7d3c25;\" \/><\/a>    <\/div>\n    <div class=\"post-content\">\n        <header class=\"post-header\">        <div class=\"meta-wrap\">\n            <div class=\"meta\">        <div class=\"meta-item time\">\n            <a href=\"https:\/\/www.niabakery.com\/es\/noticias\/we-heart-nia-bakery-cartagena-diseno-crearq\/\">\n                <time class=\"published\" datetime=\"2026-03-13T10:15:46-05:00\">13 marzo, 2026<\/time>\n            <\/a>\n        <\/div>             <\/div>\n        <\/div>    <h2 class=\"post-title\">\n        <a href=\"https:\/\/www.niabakery.com\/es\/noticias\/we-heart-nia-bakery-cartagena-diseno-crearq\/\">We Heart Nia: la panadera que empez\u00f3 con una fruta y un sue\u00f1o<\/a>\n    <\/h2>\t\t\t<div class=\"cat-links\"><a href=\"https:\/\/www.niabakery.com\/es\/category\/noticias\/\" rel=\"tag\">Noticias<\/a><\/div>        <\/header>\n    <\/div>\n<\/article>\n\n<article class=\"post-4374 post type-post status-publish format-standard has-post-thumbnail hentry category-noticias\">    <div class=\"featured-img\">            <a href=\"https:\/\/www.niabakery.com\/es\/noticias\/gooood-nia-bakery-crearq-arquitectura-diseno\/\"><img fetchpriority=\"high\" decoding=\"async\" width=\"780\" height=\"439\" src=\"https:\/\/www.niabakery.com\/wp-content\/uploads\/2026\/03\/nia-bakery-zona-lounge-sofa-cartagena-780x439.avif\" class=\"attachment-patiotime_780x9999 size-patiotime_780x9999 not-transparent wp-post-image image-layout-overlay-column-3\" alt=\"N\u00eda Bakery lounge area in the Historic Center of Cartagena de Indias\" srcset=\"https:\/\/www.niabakery.com\/wp-content\/uploads\/2026\/03\/nia-bakery-zona-lounge-sofa-cartagena-780x439.avif 780w, https:\/\/www.niabakery.com\/wp-content\/uploads\/2026\/03\/nia-bakery-zona-lounge-sofa-cartagena-300x169.avif 300w, https:\/\/www.niabakery.com\/wp-content\/uploads\/2026\/03\/nia-bakery-zona-lounge-sofa-cartagena-1024x576.avif 1024w, https:\/\/www.niabakery.com\/wp-content\/uploads\/2026\/03\/nia-bakery-zona-lounge-sofa-cartagena-768x432.avif 768w, https:\/\/www.niabakery.com\/wp-content\/uploads\/2026\/03\/nia-bakery-zona-lounge-sofa-cartagena-1536x864.avif 1536w, https:\/\/www.niabakery.com\/wp-content\/uploads\/2026\/03\/nia-bakery-zona-lounge-sofa-cartagena-1440x810.avif 1440w, https:\/\/www.niabakery.com\/wp-content\/uploads\/2026\/03\/nia-bakery-zona-lounge-sofa-cartagena-1200x675.avif 1200w, https:\/\/www.niabakery.com\/wp-content\/uploads\/2026\/03\/nia-bakery-zona-lounge-sofa-cartagena-600x338.avif 600w, https:\/\/www.niabakery.com\/wp-content\/uploads\/2026\/03\/nia-bakery-zona-lounge-sofa-cartagena-550x309.avif 550w, https:\/\/www.niabakery.com\/wp-content\/uploads\/2026\/03\/nia-bakery-zona-lounge-sofa-cartagena-370x208.avif 370w, https:\/\/www.niabakery.com\/wp-content\/uploads\/2026\/03\/nia-bakery-zona-lounge-sofa-cartagena-255x143.avif 255w, https:\/\/www.niabakery.com\/wp-content\/uploads\/2026\/03\/nia-bakery-zona-lounge-sofa-cartagena.avif 1920w\" sizes=\"(max-width: 780px) 100vw, 780px\" data-has-transparency=\"false\" data-dominant-color=\"7d3c25\" style=\"--dominant-color: #7d3c25;\" \/><\/a>    <\/div>\n    <div class=\"post-content\">\n        <header class=\"post-header\">        <div class=\"meta-wrap\">\n            <div class=\"meta\">        <div class=\"meta-item time\">\n            <a href=\"https:\/\/www.niabakery.com\/es\/noticias\/gooood-nia-bakery-crearq-arquitectura-diseno\/\">\n                <time class=\"published\" datetime=\"2026-03-13T10:15:44-05:00\">13 marzo, 2026<\/time>\n            <\/a>\n        <\/div>             <\/div>\n        <\/div>    <h2 class=\"post-title\">\n        <a href=\"https:\/\/www.niabakery.com\/es\/noticias\/gooood-nia-bakery-crearq-arquitectura-diseno\/\">El espacio que cuenta nuestra historia: gooood presenta a Nia Bakery por Crearq<\/a>\n    <\/h2>\t\t\t<div class=\"cat-links\"><a href=\"https:\/\/www.niabakery.com\/es\/category\/noticias\/\" rel=\"tag\">Noticias<\/a><\/div>        <\/header>\n    <\/div>\n<\/article>\n\n<article class=\"post-4373 post type-post status-publish format-standard has-post-thumbnail hentry category-noticias\">    <div class=\"featured-img\">            <a href=\"https:\/\/www.niabakery.com\/es\/noticias\/elle-mexico-nia-bakery-actividades-cartagena\/\"><img fetchpriority=\"high\" decoding=\"async\" width=\"780\" height=\"439\" src=\"https:\/\/www.niabakery.com\/wp-content\/uploads\/2026\/03\/nia-bakery-zona-lounge-sofa-cartagena-780x439.avif\" class=\"attachment-patiotime_780x9999 size-patiotime_780x9999 not-transparent wp-post-image image-layout-overlay-column-3\" alt=\"N\u00eda Bakery lounge area in the Historic Center of Cartagena de Indias\" srcset=\"https:\/\/www.niabakery.com\/wp-content\/uploads\/2026\/03\/nia-bakery-zona-lounge-sofa-cartagena-780x439.avif 780w, https:\/\/www.niabakery.com\/wp-content\/uploads\/2026\/03\/nia-bakery-zona-lounge-sofa-cartagena-300x169.avif 300w, https:\/\/www.niabakery.com\/wp-content\/uploads\/2026\/03\/nia-bakery-zona-lounge-sofa-cartagena-1024x576.avif 1024w, https:\/\/www.niabakery.com\/wp-content\/uploads\/2026\/03\/nia-bakery-zona-lounge-sofa-cartagena-768x432.avif 768w, https:\/\/www.niabakery.com\/wp-content\/uploads\/2026\/03\/nia-bakery-zona-lounge-sofa-cartagena-1536x864.avif 1536w, https:\/\/www.niabakery.com\/wp-content\/uploads\/2026\/03\/nia-bakery-zona-lounge-sofa-cartagena-1440x810.avif 1440w, https:\/\/www.niabakery.com\/wp-content\/uploads\/2026\/03\/nia-bakery-zona-lounge-sofa-cartagena-1200x675.avif 1200w, https:\/\/www.niabakery.com\/wp-content\/uploads\/2026\/03\/nia-bakery-zona-lounge-sofa-cartagena-600x338.avif 600w, https:\/\/www.niabakery.com\/wp-content\/uploads\/2026\/03\/nia-bakery-zona-lounge-sofa-cartagena-550x309.avif 550w, https:\/\/www.niabakery.com\/wp-content\/uploads\/2026\/03\/nia-bakery-zona-lounge-sofa-cartagena-370x208.avif 370w, https:\/\/www.niabakery.com\/wp-content\/uploads\/2026\/03\/nia-bakery-zona-lounge-sofa-cartagena-255x143.avif 255w, https:\/\/www.niabakery.com\/wp-content\/uploads\/2026\/03\/nia-bakery-zona-lounge-sofa-cartagena.avif 1920w\" sizes=\"(max-width: 780px) 100vw, 780px\" data-has-transparency=\"false\" data-dominant-color=\"7d3c25\" style=\"--dominant-color: #7d3c25;\" \/><\/a>    <\/div>\n    <div class=\"post-content\">\n        <header class=\"post-header\">        <div class=\"meta-wrap\">\n            <div class=\"meta\">        <div class=\"meta-item time\">\n            <a href=\"https:\/\/www.niabakery.com\/es\/noticias\/elle-mexico-nia-bakery-actividades-cartagena\/\">\n                <time class=\"published\" datetime=\"2026-03-13T10:15:42-05:00\">13 marzo, 2026<\/time>\n            <\/a>\n        <\/div>             <\/div>\n        <\/div>    <h2 class=\"post-title\">\n        <a href=\"https:\/\/www.niabakery.com\/es\/noticias\/elle-mexico-nia-bakery-actividades-cartagena\/\">Nia en la lista imperdible de Elle M\u00e9xico para Cartagena<\/a>\n    <\/h2>\t\t\t<div class=\"cat-links\"><a href=\"https:\/\/www.niabakery.com\/es\/category\/noticias\/\" rel=\"tag\">Noticias<\/a><\/div>        <\/header>\n    <\/div>\n<\/article>\n\n<article class=\"post-4372 post type-post status-publish format-standard has-post-thumbnail hentry category-noticias\">    <div class=\"featured-img\">            <a href=\"https:\/\/www.niabakery.com\/es\/noticias\/luxury-travel-magazine-nia-bakery-cartagena\/\"><img fetchpriority=\"high\" decoding=\"async\" width=\"780\" height=\"439\" src=\"https:\/\/www.niabakery.com\/wp-content\/uploads\/2026\/03\/nia-bakery-zona-lounge-sofa-cartagena-780x439.avif\" class=\"attachment-patiotime_780x9999 size-patiotime_780x9999 not-transparent wp-post-image image-layout-overlay-column-3\" alt=\"N\u00eda Bakery lounge area in the Historic Center of Cartagena de Indias\" srcset=\"https:\/\/www.niabakery.com\/wp-content\/uploads\/2026\/03\/nia-bakery-zona-lounge-sofa-cartagena-780x439.avif 780w, https:\/\/www.niabakery.com\/wp-content\/uploads\/2026\/03\/nia-bakery-zona-lounge-sofa-cartagena-300x169.avif 300w, https:\/\/www.niabakery.com\/wp-content\/uploads\/2026\/03\/nia-bakery-zona-lounge-sofa-cartagena-1024x576.avif 1024w, https:\/\/www.niabakery.com\/wp-content\/uploads\/2026\/03\/nia-bakery-zona-lounge-sofa-cartagena-768x432.avif 768w, https:\/\/www.niabakery.com\/wp-content\/uploads\/2026\/03\/nia-bakery-zona-lounge-sofa-cartagena-1536x864.avif 1536w, https:\/\/www.niabakery.com\/wp-content\/uploads\/2026\/03\/nia-bakery-zona-lounge-sofa-cartagena-1440x810.avif 1440w, https:\/\/www.niabakery.com\/wp-content\/uploads\/2026\/03\/nia-bakery-zona-lounge-sofa-cartagena-1200x675.avif 1200w, https:\/\/www.niabakery.com\/wp-content\/uploads\/2026\/03\/nia-bakery-zona-lounge-sofa-cartagena-600x338.avif 600w, https:\/\/www.niabakery.com\/wp-content\/uploads\/2026\/03\/nia-bakery-zona-lounge-sofa-cartagena-550x309.avif 550w, https:\/\/www.niabakery.com\/wp-content\/uploads\/2026\/03\/nia-bakery-zona-lounge-sofa-cartagena-370x208.avif 370w, https:\/\/www.niabakery.com\/wp-content\/uploads\/2026\/03\/nia-bakery-zona-lounge-sofa-cartagena-255x143.avif 255w, https:\/\/www.niabakery.com\/wp-content\/uploads\/2026\/03\/nia-bakery-zona-lounge-sofa-cartagena.avif 1920w\" sizes=\"(max-width: 780px) 100vw, 780px\" data-has-transparency=\"false\" data-dominant-color=\"7d3c25\" style=\"--dominant-color: #7d3c25;\" \/><\/a>    <\/div>\n    <div class=\"post-content\">\n        <header class=\"post-header\">        <div class=\"meta-wrap\">\n            <div class=\"meta\">        <div class=\"meta-item time\">\n            <a href=\"https:\/\/www.niabakery.com\/es\/noticias\/luxury-travel-magazine-nia-bakery-cartagena\/\">\n                <time class=\"published\" datetime=\"2026-03-13T10:15:41-05:00\">13 marzo, 2026<\/time>\n            <\/a>\n        <\/div>             <\/div>\n        <\/div>    <h2 class=\"post-title\">\n        <a href=\"https:\/\/www.niabakery.com\/es\/noticias\/luxury-travel-magazine-nia-bakery-cartagena\/\">Nia Bakery en Luxury Travel Magazine: Cartagena en el mapa del lujo<\/a>\n    <\/h2>\t\t\t<div class=\"cat-links\"><a href=\"https:\/\/www.niabakery.com\/es\/category\/noticias\/\" rel=\"tag\">Noticias<\/a><\/div>        <\/header>\n    <\/div>\n<\/article>\n\t\t\t\t<\/div>\t\t\t\t<\/div>\t\t\t\t<\/div>\n\t\t\t\t<\/div>\n\t\t\t\t\t<\/div>\n\t\t<\/div>\n\t\t\t\t\t<\/div>\n\t\t<\/section>\n\t\t\t\t<\/div>\n\t\t","protected":false},"excerpt":{"rendered":"<p>Prensa 25 agosto, 2023 Amor y comida: todo es cuesti\u00f3n de especias Noticias Recetas 25 agosto, 2023 Maravillosa experiencia gastron\u00f3mica Noticias Recetas 9 junio, 2023 Tarta de salm\u00f3n ahumado Noticias Recetas<\/p>\n","protected":false},"author":2,"featured_media":0,"parent":0,"menu_order":0,"comment_status":"closed","ping_status":"closed","template":"template-wide-content.php","meta":{"patiotime_single_page_hide_site_header":"","patiotime_single_page_site_header_source":"","patiotime_single_page_custom_site_header":"","patiotime_single_page_custom_sticky_site_header":"","patiotime_single_page_custom_page_title_margin_top_source":"","patiotime_single_page_custom_page_title_desktop_margin_top":"","patiotime_single_page_custom_page_title_tablet_margin_top":"","patiotime_single_page_custom_page_title_mobile_margin_top":"","patiotime_single_page_hide_page_title":"on","patiotime_single_page_header_section_size":"","patiotime_single_page_header_background_color":"","patiotime_single_page_header_background_position_x":"center","patiotime_single_page_header_background_position_y":"center","patiotime_single_page_header_background_size":"cover","patiotime_single_page_header_background_repeat":"off","patiotime_single_page_header_background_scroll":"on","patiotime_single_page_header_text_color":"","patiotime_single_page_header_show_breadcrumb":"","patiotime_single_page_site_footer_hide_main":"","patiotime_single_custom_site_footer_main_source":"","patiotime_single_custom_site_footer_main":"","patiotime_single_page_site_footer_hide_above":"","patiotime_single_custom_site_footer_above_source":"","patiotime_single_custom_site_footer_above":"","patiotime_single_page_site_footer_hide_instagram":"","patiotime_single_page_site_footer_hide_bottom":"","patiotime_single_custom_mobile_menu_source":"","patiotime_single_custom_mobile_menu":"","patiotime_single_custom_mobile_menu_animation":"","patiotime_single_custom_mobile_menu_width":"","patiotime_single_custom_mobile_menu_custom_width":375,"footnotes":""},"class_list":["post-3299","page","type-page","status-publish","hentry"],"_hostinger_reach_plugin_has_subscription_block":false,"_hostinger_reach_plugin_is_elementor":false,"_links":{"self":[{"href":"https:\/\/www.niabakery.com\/es\/wp-json\/wp\/v2\/pages\/3299","targetHints":{"allow":["GET"]}}],"collection":[{"href":"https:\/\/www.niabakery.com\/es\/wp-json\/wp\/v2\/pages"}],"about":[{"href":"https:\/\/www.niabakery.com\/es\/wp-json\/wp\/v2\/types\/page"}],"author":[{"embeddable":true,"href":"https:\/\/www.niabakery.com\/es\/wp-json\/wp\/v2\/users\/2"}],"replies":[{"embeddable":true,"href":"https:\/\/www.niabakery.com\/es\/wp-json\/wp\/v2\/comments?post=3299"}],"version-history":[{"count":17,"href":"https:\/\/www.niabakery.com\/es\/wp-json\/wp\/v2\/pages\/3299\/revisions"}],"predecessor-version":[{"id":4298,"href":"https:\/\/www.niabakery.com\/es\/wp-json\/wp\/v2\/pages\/3299\/revisions\/4298"}],"wp:attachment":[{"href":"https:\/\/www.niabakery.com\/es\/wp-json\/wp\/v2\/media?parent=3299"}],"curies":[{"name":"wp","href":"https:\/\/api.w.org\/{rel}","templated":true}]}}