{"id":3257,"date":"2023-06-15T03:55:32","date_gmt":"2023-06-15T08:55:32","guid":{"rendered":"https:\/\/blueviolet-alpaca-737258.hostingersite.com\/contacto\/"},"modified":"2026-04-28T15:33:14","modified_gmt":"2026-04-28T20:33:14","slug":"contacto","status":"publish","type":"page","link":"https:\/\/www.niabakery.com\/es\/contacto\/","title":{"rendered":"Contacto"},"content":{"rendered":"\t\t<div data-elementor-type=\"wp-page\" data-elementor-id=\"3257\" class=\"elementor elementor-3257 elementor-2591\" data-elementor-post-type=\"page\">\n\t\t\t\t\t\t<section class=\"elementor-section elementor-top-section elementor-element elementor-element-29313ca elementor-section-height-min-height pt-section-content-fullwidth pt_scroll_y_80 pt-parallax-on-scroll elementor-section-boxed elementor-section-height-default elementor-section-items-middle\" data-id=\"29313ca\" data-element_type=\"section\" data-e-type=\"section\" data-settings=\"{&quot;background_background&quot;:&quot;classic&quot;}\" data-pt-parallax-y=\"80\" style=\"background-image: none;\" data-pt-background-image=\"https:\/\/www.niabakery.com\/wp-content\/uploads\/2026\/04\/imagen_hero_contacto_niabakery-1-scaled.webp\">\n\t\t\t\t\t\t\t<div class=\"elementor-background-overlay\"><\/div>\n\t\t\t\t\t\t\t<div class=\"elementor-container elementor-column-gap-no\">\n\t\t\t\t\t<div class=\"elementor-column elementor-col-100 elementor-top-column elementor-element elementor-element-f75ce94 dark-color\" data-id=\"f75ce94\" data-element_type=\"column\" data-e-type=\"column\">\n\t\t\t<div class=\"elementor-widget-wrap elementor-element-populated\">\n\t\t\t\t\t\t<div class=\"elementor-element elementor-element-44d6276 elementor-widget elementor-widget-pt_title\" data-id=\"44d6276\" data-element_type=\"widget\" data-e-type=\"widget\" data-widget_type=\"pt_title.default\">\n\t\t\t\t<div class=\"elementor-widget-container\">\n\t\t\t\t\t\n        <div class=\"pt-title-wrap text-center\">\t            <h1 class=\"pt-title\">\n\t                Contacto\t            <\/h1>        <\/div>\t\t\t\t<\/div>\n\t\t\t\t<\/div>\n\t\t\t\t\t<\/div>\n\t\t<\/div>\n\t\t\t\t\t<\/div>\n\t\t<\/section>\n\t\t\t\t<section class=\"elementor-section elementor-top-section elementor-element elementor-element-790fa96 elementor-section-content-middle elementor-section-boxed elementor-section-height-default elementor-section-height-default\" data-id=\"790fa96\" data-element_type=\"section\" data-e-type=\"section\" data-settings=\"{&quot;background_background&quot;:&quot;classic&quot;}\">\n\t\t\t\t\t\t<div class=\"elementor-container elementor-column-gap-no\">\n\t\t\t\t\t<div class=\"elementor-column elementor-col-50 elementor-top-column elementor-element elementor-element-1944308\" data-id=\"1944308\" data-element_type=\"column\" data-e-type=\"column\">\n\t\t\t<div class=\"elementor-widget-wrap elementor-element-populated\">\n\t\t\t\t\t\t<div class=\"elementor-element elementor-element-5dd7730 elementor-widget elementor-widget-pt_title\" data-id=\"5dd7730\" data-element_type=\"widget\" data-e-type=\"widget\" data-widget_type=\"pt_title.default\">\n\t\t\t\t<div class=\"elementor-widget-container\">\n\t\t\t\t\t\n        <div class=\"pt-title-wrap text-left\">\t            <div class=\"pt-subtitle-wrap\"><span class=\"pt-subtitle\">COM\u00d3 ENCONTRARNOS<\/span><\/div>\t            <h5 class=\"pt-title\">\n\t                HORARIO Y UBICACI\u00d3N\t            <\/h5>\t            <div class=\"pt-title-text\">\n\t                <p><a class=\"wixui-rich-text__text\" href=\"https:\/\/maps.app.goo.gl\/4t8pMLre4N91K88h6\" target=\"_blank\" rel=\"noreferrer noopener\"><span class=\"wixui-rich-text__text\">Cl. 33 #4-28, Cartagena de Indias<\/span><\/a><\/p><p>Estamos abiertos para servicio de mesa todos los d\u00edas.<\/p><p>8:00 a.m. &#8211; 9:00 p.m.<\/p><div id=\"comp-lpivfkq23\" class=\"Z_l5lU ku3DBC zQ9jDz qvSjx3 Vq6kJx comp-lpivfkq23 wixui-rich-text\" data-testid=\"richTextElement\"><p class=\"font_8 wixui-rich-text__text\"><a class=\"wixui-rich-text__text\" href=\"tel:+573186721823\"><span class=\"wixui-rich-text__text\">tel\u00e9fono +57 318 6721823<\/span><\/a><\/p><\/div>\t            <\/div>        <\/div>\t\t\t\t<\/div>\n\t\t\t\t<\/div>\n\t\t\t\t\t<\/div>\n\t\t<\/div>\n\t\t\t\t<div class=\"elementor-column elementor-col-50 elementor-top-column elementor-element elementor-element-0c38e60\" data-id=\"0c38e60\" data-element_type=\"column\" data-e-type=\"column\" data-settings=\"{&quot;background_background&quot;:&quot;classic&quot;}\">\n\t\t\t<div class=\"elementor-widget-wrap elementor-element-populated\">\n\t\t\t\t\t\t<div class=\"elementor-element elementor-element-7bd2687 elementor-widget elementor-widget-pt_gallery\" data-id=\"7bd2687\" data-element_type=\"widget\" data-e-type=\"widget\" data-widget_type=\"pt_gallery.default\">\n\t\t\t\t<div class=\"elementor-widget-container\">\n\t\t\t\t\t\n            <div class=\"pt-gallery gap-5 gallery-grid grid-col-2 align-bottom-v\">\n                <div class=\"pt-gallery-wrap\">                    <div class=\"pt-gallery-item\"><img fetchpriority=\"high\" decoding=\"async\" width=\"1707\" height=\"2560\" src=\"https:\/\/www.niabakery.com\/wp-content\/uploads\/2026\/04\/tostada_de_camarones_brunch_niabakery-1-scaled.webp\" class=\"attachment-full size-full wp-image-4501 not-transparent\" alt=\"\" srcset=\"https:\/\/www.niabakery.com\/wp-content\/uploads\/2026\/04\/tostada_de_camarones_brunch_niabakery-1-scaled.webp 1707w, https:\/\/www.niabakery.com\/wp-content\/uploads\/2026\/04\/tostada_de_camarones_brunch_niabakery-1-200x300.webp 200w, https:\/\/www.niabakery.com\/wp-content\/uploads\/2026\/04\/tostada_de_camarones_brunch_niabakery-1-683x1024.webp 683w, https:\/\/www.niabakery.com\/wp-content\/uploads\/2026\/04\/tostada_de_camarones_brunch_niabakery-1-768x1152.webp 768w, https:\/\/www.niabakery.com\/wp-content\/uploads\/2026\/04\/tostada_de_camarones_brunch_niabakery-1-1024x1536.webp 1024w, https:\/\/www.niabakery.com\/wp-content\/uploads\/2026\/04\/tostada_de_camarones_brunch_niabakery-1-1365x2048.webp 1365w, https:\/\/www.niabakery.com\/wp-content\/uploads\/2026\/04\/tostada_de_camarones_brunch_niabakery-1-1920x2880.webp 1920w, https:\/\/www.niabakery.com\/wp-content\/uploads\/2026\/04\/tostada_de_camarones_brunch_niabakery-1-1440x2160.webp 1440w, https:\/\/www.niabakery.com\/wp-content\/uploads\/2026\/04\/tostada_de_camarones_brunch_niabakery-1-1200x1800.webp 1200w, https:\/\/www.niabakery.com\/wp-content\/uploads\/2026\/04\/tostada_de_camarones_brunch_niabakery-1-780x1170.webp 780w, https:\/\/www.niabakery.com\/wp-content\/uploads\/2026\/04\/tostada_de_camarones_brunch_niabakery-1-600x900.webp 600w, https:\/\/www.niabakery.com\/wp-content\/uploads\/2026\/04\/tostada_de_camarones_brunch_niabakery-1-550x825.webp 550w, https:\/\/www.niabakery.com\/wp-content\/uploads\/2026\/04\/tostada_de_camarones_brunch_niabakery-1-370x555.webp 370w, https:\/\/www.niabakery.com\/wp-content\/uploads\/2026\/04\/tostada_de_camarones_brunch_niabakery-1-255x383.webp 255w\" sizes=\"(max-width: 1707px) 100vw, 1707px\" data-has-transparency=\"false\" data-dominant-color=\"8f4c21\" style=\"--dominant-color: #8f4c21\" \/>                    <\/div>                    <div class=\"pt-gallery-item\"><img decoding=\"async\" width=\"1080\" height=\"1920\" src=\"https:\/\/www.niabakery.com\/wp-content\/uploads\/2026\/02\/cafe-late-frio-nia-bakery.webp\" class=\"attachment-full size-full wp-image-4248 not-transparent\" alt=\"caf\u00e9 late frio en Nia Bakery Cooffee Shop\" srcset=\"https:\/\/www.niabakery.com\/wp-content\/uploads\/2026\/02\/cafe-late-frio-nia-bakery.webp 1080w, https:\/\/www.niabakery.com\/wp-content\/uploads\/2026\/02\/cafe-late-frio-nia-bakery-169x300.webp 169w, https:\/\/www.niabakery.com\/wp-content\/uploads\/2026\/02\/cafe-late-frio-nia-bakery-576x1024.webp 576w, https:\/\/www.niabakery.com\/wp-content\/uploads\/2026\/02\/cafe-late-frio-nia-bakery-768x1365.webp 768w, https:\/\/www.niabakery.com\/wp-content\/uploads\/2026\/02\/cafe-late-frio-nia-bakery-864x1536.webp 864w, https:\/\/www.niabakery.com\/wp-content\/uploads\/2026\/02\/cafe-late-frio-nia-bakery-780x1387.webp 780w, https:\/\/www.niabakery.com\/wp-content\/uploads\/2026\/02\/cafe-late-frio-nia-bakery-600x1067.webp 600w, https:\/\/www.niabakery.com\/wp-content\/uploads\/2026\/02\/cafe-late-frio-nia-bakery-550x978.webp 550w, https:\/\/www.niabakery.com\/wp-content\/uploads\/2026\/02\/cafe-late-frio-nia-bakery-370x658.webp 370w, https:\/\/www.niabakery.com\/wp-content\/uploads\/2026\/02\/cafe-late-frio-nia-bakery-255x453.webp 255w\" sizes=\"(max-width: 1080px) 100vw, 1080px\" data-has-transparency=\"false\" data-dominant-color=\"4a5d55\" style=\"--dominant-color: #4a5d55\" \/>                    <\/div>                <\/div>\n            <\/div>\t\t\t\t<\/div>\n\t\t\t\t<\/div>\n\t\t\t\t\t<\/div>\n\t\t<\/div>\n\t\t\t\t\t<\/div>\n\t\t<\/section>\n\t\t\t\t<section class=\"elementor-section elementor-top-section elementor-element elementor-element-2c1dca1 elementor-section-full_width elementor-section-content-middle elementor-section-height-default elementor-section-height-default\" data-id=\"2c1dca1\" data-element_type=\"section\" data-e-type=\"section\" data-settings=\"{&quot;background_background&quot;:&quot;classic&quot;}\">\n\t\t\t\t\t\t<div class=\"elementor-container elementor-column-gap-no\">\n\t\t\t\t\t<div class=\"elementor-column elementor-col-50 elementor-top-column elementor-element elementor-element-a1141bf\" data-id=\"a1141bf\" data-element_type=\"column\" data-e-type=\"column\">\n\t\t\t<div class=\"elementor-widget-wrap elementor-element-populated\">\n\t\t\t\t\t\t<div class=\"elementor-widget-image elementor-element elementor-element-34b9846 elementor-widget elementor-widget-pt_image\" data-id=\"34b9846\" data-element_type=\"widget\" data-e-type=\"widget\" data-widget_type=\"pt_image.default\">\n\t\t\t\t<div class=\"elementor-widget-container\">\n\t\t\t\t\t                                        <img decoding=\"async\" width=\"1200\" height=\"800\" src=\"https:\/\/www.niabakery.com\/wp-content\/uploads\/2026\/04\/all_day_brunch_niabakery-1-1200x800.webp\" class=\"attachment-patiotime_1200x9999 size-patiotime_1200x9999 wp-image-4502 not-transparent\" alt=\"\" srcset=\"https:\/\/www.niabakery.com\/wp-content\/uploads\/2026\/04\/all_day_brunch_niabakery-1-1200x800.webp 1200w, https:\/\/www.niabakery.com\/wp-content\/uploads\/2026\/04\/all_day_brunch_niabakery-1-300x200.webp 300w, https:\/\/www.niabakery.com\/wp-content\/uploads\/2026\/04\/all_day_brunch_niabakery-1-1024x683.webp 1024w, https:\/\/www.niabakery.com\/wp-content\/uploads\/2026\/04\/all_day_brunch_niabakery-1-768x512.webp 768w, https:\/\/www.niabakery.com\/wp-content\/uploads\/2026\/04\/all_day_brunch_niabakery-1-1536x1024.webp 1536w, https:\/\/www.niabakery.com\/wp-content\/uploads\/2026\/04\/all_day_brunch_niabakery-1-2048x1365.webp 2048w, https:\/\/www.niabakery.com\/wp-content\/uploads\/2026\/04\/all_day_brunch_niabakery-1-1920x1280.webp 1920w, https:\/\/www.niabakery.com\/wp-content\/uploads\/2026\/04\/all_day_brunch_niabakery-1-1440x960.webp 1440w, https:\/\/www.niabakery.com\/wp-content\/uploads\/2026\/04\/all_day_brunch_niabakery-1-780x520.webp 780w, https:\/\/www.niabakery.com\/wp-content\/uploads\/2026\/04\/all_day_brunch_niabakery-1-600x400.webp 600w, https:\/\/www.niabakery.com\/wp-content\/uploads\/2026\/04\/all_day_brunch_niabakery-1-550x367.webp 550w, https:\/\/www.niabakery.com\/wp-content\/uploads\/2026\/04\/all_day_brunch_niabakery-1-370x247.webp 370w, https:\/\/www.niabakery.com\/wp-content\/uploads\/2026\/04\/all_day_brunch_niabakery-1-255x170.webp 255w\" sizes=\"(max-width: 1200px) 100vw, 1200px\" data-has-transparency=\"false\" data-dominant-color=\"aa5b2a\" style=\"--dominant-color: #aa5b2a\" \/>                                            \t\t\t\t<\/div>\n\t\t\t\t<\/div>\n\t\t\t\t\t<\/div>\n\t\t<\/div>\n\t\t\t\t<div class=\"elementor-column elementor-col-50 elementor-top-column elementor-element elementor-element-8d557be\" data-id=\"8d557be\" data-element_type=\"column\" data-e-type=\"column\">\n\t\t\t<div class=\"elementor-widget-wrap elementor-element-populated\">\n\t\t\t\t\t\t<section class=\"elementor-section elementor-inner-section elementor-element elementor-element-aa7f427 elementor-section-boxed elementor-section-height-default elementor-section-height-default\" data-id=\"aa7f427\" data-element_type=\"section\" data-e-type=\"section\" data-settings=\"{&quot;background_background&quot;:&quot;classic&quot;}\">\n\t\t\t\t\t\t<div class=\"elementor-container elementor-column-gap-no\">\n\t\t\t\t\t<div class=\"elementor-column elementor-col-100 elementor-inner-column elementor-element elementor-element-48d20ac\" data-id=\"48d20ac\" data-element_type=\"column\" data-e-type=\"column\">\n\t\t\t<div class=\"elementor-widget-wrap elementor-element-populated\">\n\t\t\t\t\t\t<div class=\"elementor-element elementor-element-75236b2 elementor-widget elementor-widget-pt_title\" data-id=\"75236b2\" data-element_type=\"widget\" data-e-type=\"widget\" data-widget_type=\"pt_title.default\">\n\t\t\t\t<div class=\"elementor-widget-container\">\n\t\t\t\t\t\n        <div class=\"pt-title-wrap text-center\">\t            <h5 class=\"pt-title\">\n\t                CONT\u00c1CTENOS\n\t            <\/h5>\t            <div class=\"pt-title-text\">\n\t                <p><a class=\"wixui-rich-text__text\" href=\"tel:+573186721823\"><span class=\"wixui-rich-text__text\">Tel: +57 318 6721823<\/span><\/a><\/p>\t            <\/div>        <\/div>\t\t\t\t<\/div>\n\t\t\t\t<\/div>\n\t\t\t\t<div class=\"elementor-element elementor-element-ffcd6b0 elementor-widget elementor-widget-pt_form_cf7\" data-id=\"ffcd6b0\" data-element_type=\"widget\" data-e-type=\"widget\" data-widget_type=\"pt_form_cf7.default\">\n\t\t\t\t<div class=\"elementor-widget-container\">\n\t\t\t\t\t            <div class=\"pt-form-cf7 placeholder-normal\">\n                <div class=\"pt-form-cf7-wrap\">\n<div class=\"wpcf7 no-js\" id=\"wpcf7-f15-o1\" lang=\"es-CO\" dir=\"ltr\" data-wpcf7-id=\"15\">\n<div class=\"screen-reader-response\"><p role=\"status\" aria-live=\"polite\" aria-atomic=\"true\"><\/p> <ul><\/ul><\/div>\n<form action=\"\/es\/wp-json\/wp\/v2\/pages\/3257#wpcf7-f15-o1\" method=\"post\" class=\"wpcf7-form init\" aria-label=\"Formulario de contacto\" novalidate=\"novalidate\" data-status=\"init\">\n<fieldset class=\"hidden-fields-container\"><input type=\"hidden\" name=\"_wpcf7\" value=\"15\" \/><input type=\"hidden\" name=\"_wpcf7_version\" value=\"6.1.5\" \/><input type=\"hidden\" name=\"_wpcf7_locale\" value=\"es_CO\" \/><input type=\"hidden\" name=\"_wpcf7_unit_tag\" value=\"wpcf7-f15-o1\" \/><input type=\"hidden\" name=\"_wpcf7_container_post\" value=\"0\" \/><input type=\"hidden\" name=\"_wpcf7_posted_data_hash\" value=\"\" \/>\n<\/fieldset>\n<p><label> Name<br \/>\n<span class=\"wpcf7-form-control-wrap\" data-name=\"your-name\"><input size=\"40\" maxlength=\"400\" class=\"wpcf7-form-control wpcf7-text wpcf7-validates-as-required\" autocomplete=\"name\" aria-required=\"true\" aria-invalid=\"false\" value=\"\" type=\"text\" name=\"your-name\" \/><\/span> <\/label>\n<\/p>\n<p><label> E-mail<br \/>\n<span class=\"wpcf7-form-control-wrap\" data-name=\"your-email\"><input size=\"40\" maxlength=\"400\" class=\"wpcf7-form-control wpcf7-email wpcf7-validates-as-required wpcf7-text wpcf7-validates-as-email\" autocomplete=\"email\" aria-required=\"true\" aria-invalid=\"false\" value=\"\" type=\"email\" name=\"your-email\" \/><\/span> <\/label>\n<\/p>\n<p><label> Subject<br \/>\n<span class=\"wpcf7-form-control-wrap\" data-name=\"your-subject\"><input size=\"40\" maxlength=\"400\" class=\"wpcf7-form-control wpcf7-text wpcf7-validates-as-required\" aria-required=\"true\" aria-invalid=\"false\" value=\"\" type=\"text\" name=\"your-subject\" \/><\/span> <\/label>\n<\/p>\n<p><label> Message (optional)<br \/>\n<span class=\"wpcf7-form-control-wrap\" data-name=\"your-message\"><textarea cols=\"40\" rows=\"10\" maxlength=\"2000\" class=\"wpcf7-form-control wpcf7-textarea\" aria-invalid=\"false\" name=\"your-message\"><\/textarea><\/span> <\/label>\n<\/p>\n<p><input class=\"wpcf7-form-control wpcf7-submit has-spinner\" type=\"submit\" value=\"Send\" \/>\n<\/p><div class=\"wpcf7-response-output\" aria-hidden=\"true\"><\/div>\n<\/form>\n<\/div>\n<\/div>\n            <\/div>\t\t\t\t<\/div>\n\t\t\t\t<\/div>\n\t\t\t\t\t<\/div>\n\t\t<\/div>\n\t\t\t\t\t<\/div>\n\t\t<\/section>\n\t\t\t\t\t<\/div>\n\t\t<\/div>\n\t\t\t\t\t<\/div>\n\t\t<\/section>\n\t\t<div class=\"elementor-element elementor-element-2c8dbce e-con-full e-flex e-con e-parent\" data-id=\"2c8dbce\" data-element_type=\"container\" data-e-type=\"container\">\n\t\t<div class=\"elementor-element elementor-element-2b30a6a e-flex e-con-boxed e-con e-child\" data-id=\"2b30a6a\" data-element_type=\"container\" data-e-type=\"container\">\n\t\t\t\t\t<div class=\"e-con-inner\">\n\t\t\t\t<div class=\"elementor-element elementor-element-3b7a718 elementor-widget elementor-widget-text-editor\" data-id=\"3b7a718\" data-element_type=\"widget\" data-e-type=\"widget\" data-widget_type=\"text-editor.default\">\n\t\t\t\t\t\t\t\t\t<div id=\"comp-mevv0egh\" class=\"Z_l5lU ku3DBC zQ9jDz qvSjx3 Vq6kJx comp-mevv0egh wixui-rich-text\" data-testid=\"richTextElement\"><h2 class=\"font_2 wixui-rich-text__text\" style=\"text-align: center;\"><strong><span class=\"color_41 wixui-rich-text__text\" style=\"color: #f16541;\"><span class=\"wixui-rich-text__text\">Encu\u00e9ntranos <\/span><\/span><\/strong><\/h2><\/div>\t\t\t\t\t\t\t\t<\/div>\n\t\t\t\t<div class=\"elementor-element elementor-element-52d29a6 elementor-widget elementor-widget-google_maps\" data-id=\"52d29a6\" data-element_type=\"widget\" data-e-type=\"widget\" data-widget_type=\"google_maps.default\">\n\t\t\t\t\t\t\t<div class=\"elementor-custom-embed\">\n\t\t\t<iframe loading=\"lazy\"\n\t\t\t\t\tsrc=\"https:\/\/maps.google.com\/maps?q=Nia%20Bakery%20Coffee%20Shop%20%26%20Cocktails%2C%20Cl.%2033%20%234-28%2C%20El%20Centro%2C%20Cartagena%20de%20Indias%2C%20Cartagena%2C%20Cartagena%20de%20Indias%2C%20Bol%C3%ADvar&#038;t=m&#038;z=10&#038;output=embed&#038;iwloc=near\"\n\t\t\t\t\ttitle=\"Nia Bakery Coffee Shop &amp; Cocktails, Cl. 33 #4-28, El Centro, Cartagena de Indias, Cartagena, Cartagena de Indias, Bol\u00edvar\"\n\t\t\t\t\taria-label=\"Nia Bakery Coffee Shop &amp; Cocktails, Cl. 33 #4-28, El Centro, Cartagena de Indias, Cartagena, Cartagena de Indias, Bol\u00edvar\"\n\t\t\t><\/iframe>\n\t\t<\/div>\n\t\t\t\t\t\t<\/div>\n\t\t\t\t\t<\/div>\n\t\t\t\t<\/div>\n\t\t\t\t<\/div>\n\t\t\t\t<\/div>\n\t\t","protected":false},"excerpt":{"rendered":"<p>Contacto COM\u00d3 ENCONTRARNOS HORARIO Y UBICACI\u00d3N Cl. 33 #4-28, Cartagena de Indias Estamos abiertos para servicio de mesa todos los d\u00edas. 8:00 a.m. &#8211; 9:00 p.m. tel\u00e9fono +57 318 6721823 CONT\u00c1CTENOS Tel: +57 318 6721823 Name E-mail Subject Message (optional) Encu\u00e9ntranos<\/p>\n","protected":false},"author":2,"featured_media":0,"parent":0,"menu_order":0,"comment_status":"closed","ping_status":"closed","template":"template-wide-content.php","meta":{"patiotime_single_page_hide_site_header":"","patiotime_single_page_site_header_source":"","patiotime_single_page_custom_site_header":"","patiotime_single_page_custom_sticky_site_header":"","patiotime_single_page_custom_page_title_margin_top_source":"","patiotime_single_page_custom_page_title_desktop_margin_top":"","patiotime_single_page_custom_page_title_tablet_margin_top":"","patiotime_single_page_custom_page_title_mobile_margin_top":"","patiotime_single_page_hide_page_title":"on","patiotime_single_page_header_section_size":"","patiotime_single_page_header_background_color":"","patiotime_single_page_header_background_position_x":"center","patiotime_single_page_header_background_position_y":"center","patiotime_single_page_header_background_size":"cover","patiotime_single_page_header_background_repeat":"off","patiotime_single_page_header_background_scroll":"on","patiotime_single_page_header_text_color":"","patiotime_single_page_header_show_breadcrumb":"","patiotime_single_page_site_footer_hide_main":"","patiotime_single_custom_site_footer_main_source":"","patiotime_single_custom_site_footer_main":"","patiotime_single_page_site_footer_hide_above":"","patiotime_single_custom_site_footer_above_source":"","patiotime_single_custom_site_footer_above":"","patiotime_single_page_site_footer_hide_instagram":"","patiotime_single_page_site_footer_hide_bottom":"","patiotime_single_custom_mobile_menu_source":"","patiotime_single_custom_mobile_menu":"","patiotime_single_custom_mobile_menu_animation":"","patiotime_single_custom_mobile_menu_width":"","patiotime_single_custom_mobile_menu_custom_width":375,"footnotes":""},"class_list":["post-3257","page","type-page","status-publish","hentry"],"_hostinger_reach_plugin_has_subscription_block":false,"_hostinger_reach_plugin_is_elementor":false,"_links":{"self":[{"href":"https:\/\/www.niabakery.com\/es\/wp-json\/wp\/v2\/pages\/3257","targetHints":{"allow":["GET"]}}],"collection":[{"href":"https:\/\/www.niabakery.com\/es\/wp-json\/wp\/v2\/pages"}],"about":[{"href":"https:\/\/www.niabakery.com\/es\/wp-json\/wp\/v2\/types\/page"}],"author":[{"embeddable":true,"href":"https:\/\/www.niabakery.com\/es\/wp-json\/wp\/v2\/users\/2"}],"replies":[{"embeddable":true,"href":"https:\/\/www.niabakery.com\/es\/wp-json\/wp\/v2\/comments?post=3257"}],"version-history":[{"count":29,"href":"https:\/\/www.niabakery.com\/es\/wp-json\/wp\/v2\/pages\/3257\/revisions"}],"predecessor-version":[{"id":4521,"href":"https:\/\/www.niabakery.com\/es\/wp-json\/wp\/v2\/pages\/3257\/revisions\/4521"}],"wp:attachment":[{"href":"https:\/\/www.niabakery.com\/es\/wp-json\/wp\/v2\/media?parent=3257"}],"curies":[{"name":"wp","href":"https:\/\/api.w.org\/{rel}","templated":true}]}}