{"id":3244,"date":"2023-06-18T07:31:58","date_gmt":"2023-06-18T12:31:58","guid":{"rendered":"https:\/\/blueviolet-alpaca-737258.hostingersite.com\/eventos\/"},"modified":"2026-04-28T16:17:45","modified_gmt":"2026-04-28T21:17:45","slug":"catering-en-cartagena","status":"publish","type":"page","link":"https:\/\/www.niabakery.com\/es\/catering-en-cartagena\/","title":{"rendered":"Eventos"},"content":{"rendered":"\t\t<div data-elementor-type=\"wp-page\" data-elementor-id=\"3244\" class=\"elementor elementor-3244 elementor-2597\" data-elementor-post-type=\"page\">\n\t\t\t\t\t\t<section class=\"elementor-section elementor-top-section elementor-element elementor-element-241d273 elementor-section-height-min-height pt-section-content-fullwidth pt-parallax-on-scroll pt_scroll_y_120 elementor-section-boxed elementor-section-height-default elementor-section-items-middle\" data-id=\"241d273\" data-element_type=\"section\" data-e-type=\"section\" data-settings=\"{&quot;background_background&quot;:&quot;classic&quot;}\" data-pt-parallax-y=\"120\" style=\"background-image: none;\" data-pt-background-image=\"https:\/\/www.niabakery.com\/wp-content\/uploads\/2026\/02\/catering-eventos-nia-1.webp\">\n\t\t\t\t\t\t\t<div class=\"elementor-background-overlay\"><\/div>\n\t\t\t\t\t\t\t<div class=\"elementor-container elementor-column-gap-no\">\n\t\t\t\t\t<div class=\"elementor-column elementor-col-100 elementor-top-column elementor-element elementor-element-852874c dark-color\" data-id=\"852874c\" data-element_type=\"column\" data-e-type=\"column\">\n\t\t\t<div class=\"elementor-widget-wrap elementor-element-populated\">\n\t\t\t\t\t\t<div class=\"elementor-element elementor-element-04d2502 elementor-widget elementor-widget-pt_title\" data-id=\"04d2502\" data-element_type=\"widget\" data-e-type=\"widget\" data-widget_type=\"pt_title.default\">\n\t\t\t\t<div class=\"elementor-widget-container\">\n\t\t\t\t\t\n        <div class=\"pt-title-wrap text-center\">\t            <h1 class=\"pt-title\">\n\t                eventos \t            <\/h1>        <\/div>\t\t\t\t<\/div>\n\t\t\t\t<\/div>\n\t\t\t\t\t<\/div>\n\t\t<\/div>\n\t\t\t\t\t<\/div>\n\t\t<\/section>\n\t\t\t\t<section class=\"elementor-section elementor-top-section elementor-element elementor-element-97f42e8 elementor-section-boxed elementor-section-height-default elementor-section-height-default\" data-id=\"97f42e8\" data-element_type=\"section\" data-e-type=\"section\">\n\t\t\t\t\t\t<div class=\"elementor-container elementor-column-gap-no\">\n\t\t\t\t\t<div class=\"elementor-column elementor-col-50 elementor-top-column elementor-element elementor-element-ef14061\" data-id=\"ef14061\" data-element_type=\"column\" data-e-type=\"column\">\n\t\t\t<div class=\"elementor-widget-wrap elementor-element-populated\">\n\t\t\t\t\t\t<div class=\"elementor-element elementor-element-e619fe9 elementor-widget elementor-widget-pt_title\" data-id=\"e619fe9\" data-element_type=\"widget\" data-e-type=\"widget\" data-widget_type=\"pt_title.default\">\n\t\t\t\t<div class=\"elementor-widget-container\">\n\t\t\t\t\t\n        <div class=\"pt-title-wrap\">\t            <div class=\"pt-subtitle-wrap\"><span class=\"pt-subtitle\">eventos nia <\/span><\/div>\t            <h4 class=\"pt-title\">\n\t                servicios\t            <\/h4>\t            <div class=\"pt-title-text\">\n\t                <div id=\"comp-lpiw014l1\" class=\"Z_l5lU ku3DBC zQ9jDz qvSjx3 Vq6kJx comp-lpiw014l1 wixui-rich-text\" data-testid=\"richTextElement\"><div id=\"comp-lpiw014l1\" class=\"Z_l5lU ku3DBC zQ9jDz qvSjx3 Vq6kJx comp-lpiw014l1 wixui-rich-text\" data-testid=\"richTextElement\"><p class=\"font_8 wixui-rich-text__text\"><span class=\"wixui-rich-text__text\">Donde sea el lugar, cualquiera que sea la ocasi\u00f3n, N\u00cdA lleva la maestr\u00eda de la pasteler\u00eda a tu puerta.<\/span><\/p><\/div><div id=\"comp-lpiw012s\" class=\"Z_l5lU ku3DBC zQ9jDz qvSjx3 Vq6kJx comp-lpiw012s wixui-rich-text\" data-testid=\"richTextElement\"><p class=\"font_8 wixui-rich-text__text\"><span class=\"wixui-rich-text__text\">Nuestro compromiso se define por un servicio impecable, sabores exquisitos y una meticulosa atenci\u00f3n al detalle, asegurando que tus eventos trasciendan lo ordinario. Nos enorgullece ofrecer m\u00e1s que simplemente un pastel.<br class=\"wixui-rich-text__text\" \/><br class=\"wixui-rich-text__text\" \/>Ya sea con una sencilla mesa de buffet que presenta una selecci\u00f3n de pasteler\u00eda \u00fanica y personalizada con el servicio atento de N\u00cdA, o como parte de un festival o gran evento, con una exhibici\u00f3n completa de fantas\u00eda que cobra vida con teatralidad, decoraciones y servicio de primera clase; nos adaptamos a una amplia gama de eventos.<br class=\"wixui-rich-text__text\" \/><br class=\"wixui-rich-text__text\" \/>Desde celebraciones \u00edntimas hasta eventos grandiosos, nos especializamos en brindar un toque encantador a diversas ocasiones como eventos, celebraciones, festivales, funciones corporativas, primeras comuniones, bodas, cumplea\u00f1os y cualquier otro momento que desees celebrar con las mejores pasteler\u00edas y pasteles.<\/span><\/p><\/div><\/div>\t            <\/div>        <\/div>\t\t\t\t<\/div>\n\t\t\t\t<\/div>\n\t\t\t\t<div class=\"elementor-widget-image elementor-element elementor-element-029d473 elementor-widget elementor-widget-pt_image\" data-id=\"029d473\" data-element_type=\"widget\" data-e-type=\"widget\" data-widget_type=\"pt_image.default\">\n\t\t\t\t<div class=\"elementor-widget-container\">\n\t\t\t\t\t                                        <img fetchpriority=\"high\" decoding=\"async\" width=\"872\" height=\"1024\" src=\"https:\/\/www.niabakery.com\/wp-content\/uploads\/2026\/02\/catering-1-nia-bakery-2-872x1024.webp\" class=\"attachment-large size-large wp-image-4282 not-transparent\" alt=\"\" srcset=\"https:\/\/www.niabakery.com\/wp-content\/uploads\/2026\/02\/catering-1-nia-bakery-2-872x1024.webp 872w, https:\/\/www.niabakery.com\/wp-content\/uploads\/2026\/02\/catering-1-nia-bakery-2-256x300.webp 256w, https:\/\/www.niabakery.com\/wp-content\/uploads\/2026\/02\/catering-1-nia-bakery-2-768x902.webp 768w, https:\/\/www.niabakery.com\/wp-content\/uploads\/2026\/02\/catering-1-nia-bakery-2-780x916.webp 780w, https:\/\/www.niabakery.com\/wp-content\/uploads\/2026\/02\/catering-1-nia-bakery-2-600x704.webp 600w, https:\/\/www.niabakery.com\/wp-content\/uploads\/2026\/02\/catering-1-nia-bakery-2-550x646.webp 550w, https:\/\/www.niabakery.com\/wp-content\/uploads\/2026\/02\/catering-1-nia-bakery-2-370x434.webp 370w, https:\/\/www.niabakery.com\/wp-content\/uploads\/2026\/02\/catering-1-nia-bakery-2-255x299.webp 255w, https:\/\/www.niabakery.com\/wp-content\/uploads\/2026\/02\/catering-1-nia-bakery-2.webp 920w\" sizes=\"(max-width: 872px) 100vw, 872px\" data-has-transparency=\"false\" data-dominant-color=\"836848\" style=\"--dominant-color: #836848\" \/>                                            \t\t\t\t<\/div>\n\t\t\t\t<\/div>\n\t\t\t\t\t<\/div>\n\t\t<\/div>\n\t\t\t\t<div class=\"elementor-column elementor-col-50 elementor-top-column elementor-element elementor-element-445e8ea\" data-id=\"445e8ea\" data-element_type=\"column\" data-e-type=\"column\">\n\t\t\t<div class=\"elementor-widget-wrap elementor-element-populated\">\n\t\t\t\t\t\t<div class=\"elementor-widget-image elementor-element elementor-element-d8081fd elementor-widget elementor-widget-pt_image\" data-id=\"d8081fd\" data-element_type=\"widget\" data-e-type=\"widget\" data-widget_type=\"pt_image.default\">\n\t\t\t\t<div class=\"elementor-widget-container\">\n\t\t\t\t\t                                        <img decoding=\"async\" width=\"800\" height=\"1000\" src=\"https:\/\/www.niabakery.com\/wp-content\/uploads\/2026\/02\/catering-2-nia-bakery-1.webp\" class=\"attachment-large size-large wp-image-4281 not-transparent\" alt=\"Torta de tres pisos con frosting blanco cubierta de p\u00e9talos de flores comestibles (naranja, rosa, azul, morado). Fondo verde jard\u00edn. Estilo evento\/matrimonio.\" srcset=\"https:\/\/www.niabakery.com\/wp-content\/uploads\/2026\/02\/catering-2-nia-bakery-1.webp 800w, https:\/\/www.niabakery.com\/wp-content\/uploads\/2026\/02\/catering-2-nia-bakery-1-240x300.webp 240w, https:\/\/www.niabakery.com\/wp-content\/uploads\/2026\/02\/catering-2-nia-bakery-1-768x960.webp 768w, https:\/\/www.niabakery.com\/wp-content\/uploads\/2026\/02\/catering-2-nia-bakery-1-780x975.webp 780w, https:\/\/www.niabakery.com\/wp-content\/uploads\/2026\/02\/catering-2-nia-bakery-1-600x750.webp 600w, https:\/\/www.niabakery.com\/wp-content\/uploads\/2026\/02\/catering-2-nia-bakery-1-550x688.webp 550w, https:\/\/www.niabakery.com\/wp-content\/uploads\/2026\/02\/catering-2-nia-bakery-1-370x463.webp 370w, https:\/\/www.niabakery.com\/wp-content\/uploads\/2026\/02\/catering-2-nia-bakery-1-255x319.webp 255w\" sizes=\"(max-width: 800px) 100vw, 800px\" data-has-transparency=\"false\" data-dominant-color=\"c2a478\" style=\"--dominant-color: #c2a478\" \/>                                            \t\t\t\t<\/div>\n\t\t\t\t<\/div>\n\t\t\t\t\t<\/div>\n\t\t<\/div>\n\t\t\t\t\t<\/div>\n\t\t<\/section>\n\t\t\t\t<section class=\"elementor-section elementor-top-section elementor-element elementor-element-0f311fb elementor-section-full_width elementor-section-height-default elementor-section-height-default\" data-id=\"0f311fb\" data-element_type=\"section\" data-e-type=\"section\" data-settings=\"{&quot;background_background&quot;:&quot;classic&quot;}\">\n\t\t\t\t\t\t<div class=\"elementor-container elementor-column-gap-no\">\n\t\t\t\t\t<div class=\"elementor-column elementor-col-50 elementor-top-column elementor-element elementor-element-ac578fb\" data-id=\"ac578fb\" data-element_type=\"column\" data-e-type=\"column\" data-settings=\"{&quot;background_background&quot;:&quot;classic&quot;}\">\n\t\t\t<div class=\"elementor-widget-wrap elementor-element-populated\">\n\t\t\t\t\t\t<div class=\"elementor-element elementor-element-9f65167 elementor-widget elementor-widget-spacer\" data-id=\"9f65167\" data-element_type=\"widget\" data-e-type=\"widget\" data-widget_type=\"spacer.default\">\n\t\t\t\t\t\t\t<div class=\"elementor-spacer\">\n\t\t\t<div class=\"elementor-spacer-inner\"><\/div>\n\t\t<\/div>\n\t\t\t\t\t\t<\/div>\n\t\t\t\t\t<\/div>\n\t\t<\/div>\n\t\t\t\t<div class=\"elementor-column elementor-col-50 elementor-top-column elementor-element elementor-element-6a49e0b\" data-id=\"6a49e0b\" data-element_type=\"column\" data-e-type=\"column\">\n\t\t\t<div class=\"elementor-widget-wrap elementor-element-populated\">\n\t\t\t\t\t\t<section class=\"elementor-section elementor-inner-section elementor-element elementor-element-8d4896f elementor-section-boxed elementor-section-height-default elementor-section-height-default\" data-id=\"8d4896f\" data-element_type=\"section\" data-e-type=\"section\">\n\t\t\t\t\t\t<div class=\"elementor-container elementor-column-gap-default\">\n\t\t\t\t\t<div class=\"elementor-column elementor-col-100 elementor-inner-column elementor-element elementor-element-7bdf953\" data-id=\"7bdf953\" data-element_type=\"column\" data-e-type=\"column\" data-settings=\"{&quot;background_background&quot;:&quot;classic&quot;}\">\n\t\t\t<div class=\"elementor-widget-wrap elementor-element-populated\">\n\t\t\t\t\t\t<div class=\"elementor-element elementor-element-5b9b275 elementor-widget elementor-widget-pt_title\" data-id=\"5b9b275\" data-element_type=\"widget\" data-e-type=\"widget\" data-widget_type=\"pt_title.default\">\n\t\t\t\t<div class=\"elementor-widget-container\">\n\t\t\t\t\t\n        <div class=\"pt-title-wrap text-center\">\t            <div class=\"pt-subtitle-wrap\"><span class=\"pt-subtitle\">POR FAVOR RELLENE EL FORMULARIO A CONTINUACI\u00d3N<\/span><\/div>\t            <h6 class=\"pt-title\">\n\t                CONT\u00c1CTENOS\n\t            <\/h6>        <\/div>\t\t\t\t<\/div>\n\t\t\t\t<\/div>\n\t\t\t\t<div class=\"elementor-element elementor-element-13191c6 elementor-widget elementor-widget-pt_form_cf7\" data-id=\"13191c6\" data-element_type=\"widget\" data-e-type=\"widget\" data-widget_type=\"pt_form_cf7.default\">\n\t\t\t\t<div class=\"elementor-widget-container\">\n\t\t\t\t\t            <div class=\"pt-form-cf7 placeholder-normal\">\n                <div class=\"pt-form-cf7-wrap\">\n<div class=\"wpcf7 no-js\" id=\"wpcf7-f15-o1\" lang=\"es-CO\" dir=\"ltr\" data-wpcf7-id=\"15\">\n<div class=\"screen-reader-response\"><p role=\"status\" aria-live=\"polite\" aria-atomic=\"true\"><\/p> <ul><\/ul><\/div>\n<form action=\"\/es\/wp-json\/wp\/v2\/pages\/3244#wpcf7-f15-o1\" method=\"post\" class=\"wpcf7-form init\" aria-label=\"Formulario de contacto\" novalidate=\"novalidate\" data-status=\"init\">\n<fieldset class=\"hidden-fields-container\"><input type=\"hidden\" name=\"_wpcf7\" value=\"15\" \/><input type=\"hidden\" name=\"_wpcf7_version\" value=\"6.1.5\" \/><input type=\"hidden\" name=\"_wpcf7_locale\" value=\"es_CO\" \/><input type=\"hidden\" name=\"_wpcf7_unit_tag\" value=\"wpcf7-f15-o1\" \/><input type=\"hidden\" name=\"_wpcf7_container_post\" value=\"0\" \/><input type=\"hidden\" name=\"_wpcf7_posted_data_hash\" value=\"\" \/>\n<\/fieldset>\n<p><label> Name<br \/>\n<span class=\"wpcf7-form-control-wrap\" data-name=\"your-name\"><input size=\"40\" maxlength=\"400\" class=\"wpcf7-form-control wpcf7-text wpcf7-validates-as-required\" autocomplete=\"name\" aria-required=\"true\" aria-invalid=\"false\" value=\"\" type=\"text\" name=\"your-name\" \/><\/span> <\/label>\n<\/p>\n<p><label> E-mail<br \/>\n<span class=\"wpcf7-form-control-wrap\" data-name=\"your-email\"><input size=\"40\" maxlength=\"400\" class=\"wpcf7-form-control wpcf7-email wpcf7-validates-as-required wpcf7-text wpcf7-validates-as-email\" autocomplete=\"email\" aria-required=\"true\" aria-invalid=\"false\" value=\"\" type=\"email\" name=\"your-email\" \/><\/span> <\/label>\n<\/p>\n<p><label> Subject<br \/>\n<span class=\"wpcf7-form-control-wrap\" data-name=\"your-subject\"><input size=\"40\" maxlength=\"400\" class=\"wpcf7-form-control wpcf7-text wpcf7-validates-as-required\" aria-required=\"true\" aria-invalid=\"false\" value=\"\" type=\"text\" name=\"your-subject\" \/><\/span> <\/label>\n<\/p>\n<p><label> Message (optional)<br \/>\n<span class=\"wpcf7-form-control-wrap\" data-name=\"your-message\"><textarea cols=\"40\" rows=\"10\" maxlength=\"2000\" class=\"wpcf7-form-control wpcf7-textarea\" aria-invalid=\"false\" name=\"your-message\"><\/textarea><\/span> <\/label>\n<\/p>\n<p><input class=\"wpcf7-form-control wpcf7-submit has-spinner\" type=\"submit\" value=\"Send\" \/>\n<\/p><div class=\"wpcf7-response-output\" aria-hidden=\"true\"><\/div>\n<\/form>\n<\/div>\n<\/div>\n            <\/div>\t\t\t\t<\/div>\n\t\t\t\t<\/div>\n\t\t\t\t\t<\/div>\n\t\t<\/div>\n\t\t\t\t\t<\/div>\n\t\t<\/section>\n\t\t\t\t\t<\/div>\n\t\t<\/div>\n\t\t\t\t\t<\/div>\n\t\t<\/section>\n\t\t\t\t<\/div>\n\t\t","protected":false},"excerpt":{"rendered":"<p>eventos eventos nia servicios Donde sea el lugar, cualquiera que sea la ocasi\u00f3n, N\u00cdA lleva la maestr\u00eda de la pasteler\u00eda a tu puerta. Nuestro compromiso se define por un servicio impecable, sabores exquisitos y una meticulosa atenci\u00f3n al detalle, asegurando que tus eventos trasciendan lo ordinario. Nos enorgullece ofrecer m\u00e1s que simplemente un pastel. Ya &#8230;<\/p>\n","protected":false},"author":2,"featured_media":0,"parent":0,"menu_order":0,"comment_status":"closed","ping_status":"closed","template":"template-wide-content.php","meta":{"patiotime_single_page_hide_site_header":"","patiotime_single_page_site_header_source":"","patiotime_single_page_custom_site_header":"","patiotime_single_page_custom_sticky_site_header":"","patiotime_single_page_custom_page_title_margin_top_source":"","patiotime_single_page_custom_page_title_desktop_margin_top":"","patiotime_single_page_custom_page_title_tablet_margin_top":"","patiotime_single_page_custom_page_title_mobile_margin_top":"","patiotime_single_page_hide_page_title":"on","patiotime_single_page_header_section_size":"","patiotime_single_page_header_background_color":"","patiotime_single_page_header_background_position_x":"center","patiotime_single_page_header_background_position_y":"center","patiotime_single_page_header_background_size":"cover","patiotime_single_page_header_background_repeat":"off","patiotime_single_page_header_background_scroll":"on","patiotime_single_page_header_text_color":"","patiotime_single_page_header_show_breadcrumb":"","patiotime_single_page_site_footer_hide_main":"","patiotime_single_custom_site_footer_main_source":"","patiotime_single_custom_site_footer_main":"","patiotime_single_page_site_footer_hide_above":"","patiotime_single_custom_site_footer_above_source":"","patiotime_single_custom_site_footer_above":"","patiotime_single_page_site_footer_hide_instagram":"","patiotime_single_page_site_footer_hide_bottom":"","patiotime_single_custom_mobile_menu_source":"","patiotime_single_custom_mobile_menu":"","patiotime_single_custom_mobile_menu_animation":"","patiotime_single_custom_mobile_menu_width":"","patiotime_single_custom_mobile_menu_custom_width":375,"footnotes":""},"class_list":["post-3244","page","type-page","status-publish","hentry"],"_hostinger_reach_plugin_has_subscription_block":false,"_hostinger_reach_plugin_is_elementor":false,"_links":{"self":[{"href":"https:\/\/www.niabakery.com\/es\/wp-json\/wp\/v2\/pages\/3244","targetHints":{"allow":["GET"]}}],"collection":[{"href":"https:\/\/www.niabakery.com\/es\/wp-json\/wp\/v2\/pages"}],"about":[{"href":"https:\/\/www.niabakery.com\/es\/wp-json\/wp\/v2\/types\/page"}],"author":[{"embeddable":true,"href":"https:\/\/www.niabakery.com\/es\/wp-json\/wp\/v2\/users\/2"}],"replies":[{"embeddable":true,"href":"https:\/\/www.niabakery.com\/es\/wp-json\/wp\/v2\/comments?post=3244"}],"version-history":[{"count":17,"href":"https:\/\/www.niabakery.com\/es\/wp-json\/wp\/v2\/pages\/3244\/revisions"}],"predecessor-version":[{"id":4532,"href":"https:\/\/www.niabakery.com\/es\/wp-json\/wp\/v2\/pages\/3244\/revisions\/4532"}],"wp:attachment":[{"href":"https:\/\/www.niabakery.com\/es\/wp-json\/wp\/v2\/media?parent=3244"}],"curies":[{"name":"wp","href":"https:\/\/api.w.org\/{rel}","templated":true}]}}